{"id":63,"date":"2022-11-30T10:32:07","date_gmt":"2022-11-30T10:32:07","guid":{"rendered":"https:\/\/racetozero.cymru\/?page_id=63"},"modified":"2024-02-13T13:02:26","modified_gmt":"2024-02-13T13:02:26","slug":"inspired-by-denmark","status":"publish","type":"page","link":"https:\/\/racetozero.cymru\/cy\/inspired-by-denmark\/","title":{"rendered":"Ysbrydolwyd gan"},"content":{"rendered":"<div class=\"wp-block-cover alignfull\"><span aria-hidden=\"true\" class=\"wp-block-cover__background has-background-dim\"><\/span><img decoding=\"async\" width=\"1790\" height=\"800\" data-src=\"https:\/\/racetozero.cymru\/wp-content\/uploads\/2022\/11\/Denmark.png\" class=\"wp-block-cover__image-background wp-post-image lazyload\" alt=\"\" data-object-fit=\"cover\" data-srcset=\"https:\/\/racetozero.cymru\/wp-content\/uploads\/2022\/11\/Denmark.png 1790w, https:\/\/racetozero.cymru\/wp-content\/uploads\/2022\/11\/Denmark-300x134.png 300w, https:\/\/racetozero.cymru\/wp-content\/uploads\/2022\/11\/Denmark-1024x458.png 1024w, https:\/\/racetozero.cymru\/wp-content\/uploads\/2022\/11\/Denmark-768x343.png 768w, https:\/\/racetozero.cymru\/wp-content\/uploads\/2022\/11\/Denmark-1536x686.png 1536w, https:\/\/racetozero.cymru\/wp-content\/uploads\/2022\/11\/Denmark-18x8.png 18w\" data-sizes=\"(max-width: 1790px) 100vw, 1790px\" src=\"data:image\/svg+xml;base64,PHN2ZyB3aWR0aD0iMSIgaGVpZ2h0PSIxIiB4bWxucz0iaHR0cDovL3d3dy53My5vcmcvMjAwMC9zdmciPjwvc3ZnPg==\" style=\"--smush-placeholder-width: 1790px; --smush-placeholder-aspect-ratio: 1790\/800;\" \/><div class=\"wp-block-cover__inner-container is-layout-flow wp-block-cover-is-layout-flow\">\n<h1 class=\"wp-block-heading has-white-color has-text-color\"><mark style=\"background-color:rgba(0, 0, 0, 0)\" class=\"has-inline-color has-bright-red-color\">inspir<\/mark>ation &#8211; DENMARK &amp; DOUGHNUTS<\/h1>\n<\/div><\/div>\n\n\n\n<div class=\"wp-block-group is-layout-constrained wp-block-group-is-layout-constrained\">\n<p class=\"third-padding\">Yn Nenmarc, mae 96 o'r 98 o ranbarthau dinesig yn aelod o Ras i Sero.  Mae hyn wedi galluogi proses gydlynol o gynllunio a chyflawni datgarboneiddio ledled y wlad gan ddefnyddio'r un uchelgais, sy'n gyson \u00e2 Chytundeb Paris, ynghyd \u00e2 metrigau a dulliau cyfrifyddu cyffredin. Mae hefyd wedi galluogi atebion a rennir i heriau, yn ogystal \u00e2 darbodion maint.<\/p>\n\n\n\n<p class=\"third-padding\">Trwy iddi ddilyn enghraifft Denmarc, gobeithiwn y bydd Cymru yn ysbrydoli ac yn paratoi'r ffordd i nifer yn rhagor o wledydd o amgylch y byd fabwysiadu dull cydlynol tebyg o fynd i'r afael \u00e2 her ddirfodol datgarboneiddio.<\/p>\n\n\n\n<p class=\"third-padding\">Darllenwch fwy am <a href=\"https:\/\/racetozero.cymru\/cy\/denmark-a-shared-framework-is-unlocking-action-at-scale\/\"><strong>y gwaith yn Nenmarc<\/strong><\/a> a gwyliwch y fideo hwn sy'n esbonio sut y bu i Ddenmarc goleddu Ras i Sero a'r modd y mae'n profi'r buddion.<\/p>\n\n\n\n<figure class=\"wp-block-image size-full is-resized\"><img decoding=\"async\" width=\"1000\" height=\"563\" data-src=\"https:\/\/racetozero.cymru\/wp-content\/uploads\/2024\/02\/CS-BestOfCSDoughtnutWeekender-www.thombartley.com-39-edited.jpg\" alt=\"\" class=\"wp-image-1219 lazyload\" style=\"--smush-placeholder-width: 1000px; --smush-placeholder-aspect-ratio: 1000\/563;width:1096px;height:auto\" data-srcset=\"https:\/\/racetozero.cymru\/wp-content\/uploads\/2024\/02\/CS-BestOfCSDoughtnutWeekender-www.thombartley.com-39-edited.jpg 1000w, https:\/\/racetozero.cymru\/wp-content\/uploads\/2024\/02\/CS-BestOfCSDoughtnutWeekender-www.thombartley.com-39-edited-300x169.jpg 300w, https:\/\/racetozero.cymru\/wp-content\/uploads\/2024\/02\/CS-BestOfCSDoughtnutWeekender-www.thombartley.com-39-edited-768x432.jpg 768w, https:\/\/racetozero.cymru\/wp-content\/uploads\/2024\/02\/CS-BestOfCSDoughtnutWeekender-www.thombartley.com-39-edited-18x10.jpg 18w\" data-sizes=\"(max-width: 1000px) 100vw, 1000px\" src=\"data:image\/svg+xml;base64,PHN2ZyB3aWR0aD0iMSIgaGVpZ2h0PSIxIiB4bWxucz0iaHR0cDovL3d3dy53My5vcmcvMjAwMC9zdmciPjwvc3ZnPg==\" \/><\/figure>\n\n\n\n<p><strong>Economeg Toesen<\/strong><\/p>\n\n\n\n<p>Yr&nbsp;<strong><a href=\"https:\/\/www.futuregenerations.wales\/about-us\/future-generations-act\/\">Deddf Llesiant Cenedlaethau'r Dyfodol (Cymru) 2015<\/a><\/strong>&nbsp;, sy'n torri tir newydd, yn darparu fframwaith ar gyfer gweithredu dros yr hinsawdd yng Nghymru yng nghyd-destun cyflawni amcanion llesiant amgylcheddol, cymdeithasol ac economaidd ehangach.<\/p>\n\n\n\n<p>Mae Economeg Toesen yn ffordd o gynnwys yr amcanion ehangach hyn yng nghynlluniau a gweithgareddau datgarboneiddio Ras i Sero.<\/p>\n\n\n\n<p><\/p>\n\n\n\n<figure class=\"wp-block-embed is-type-video is-provider-youtube wp-block-embed-youtube wp-embed-aspect-16-9 wp-has-aspect-ratio\"><div class=\"wp-block-embed__wrapper\">\n<iframe title=\"A healthy economy should be designed to thrive, not grow | Kate Raworth\" width=\"500\" height=\"281\" data-src=\"https:\/\/www.youtube.com\/embed\/Rhcrbcg8HBw?feature=oembed\" frameborder=\"0\" allow=\"accelerometer; autoplay; clipboard-write; encrypted-media; gyroscope; picture-in-picture; web-share\" referrerpolicy=\"strict-origin-when-cross-origin\" allowfullscreen src=\"data:image\/svg+xml;base64,PHN2ZyB3aWR0aD0iMSIgaGVpZ2h0PSIxIiB4bWxucz0iaHR0cDovL3d3dy53My5vcmcvMjAwMC9zdmciPjwvc3ZnPg==\" class=\"lazyload\" data-load-mode=\"1\"><\/iframe>\n<\/div><\/figure>\n<\/div>","protected":false},"excerpt":{"rendered":"<p>In Denmark 96 out of 98 municipalities is a member of Race to Zero. This has enabled coordinated planning and delivery of decarbonisation across the country using the same Paris [&hellip;]<\/p>","protected":false},"author":5,"featured_media":83,"parent":0,"menu_order":0,"comment_status":"closed","ping_status":"closed","template":"","meta":{"inline_featured_image":false,"footnotes":""},"class_list":["post-63","page","type-page","status-publish","has-post-thumbnail","hentry"],"acf":[],"yoast_head":"<!-- This site is optimized with the Yoast SEO plugin v20.4 - https:\/\/yoast.com\/wordpress\/plugins\/seo\/ -->\n<title>Inspired - Race to Zero<\/title>\n<meta name=\"robots\" content=\"index, follow, max-snippet:-1, max-image-preview:large, max-video-preview:-1\" \/>\n<link rel=\"canonical\" href=\"https:\/\/racetozero.cymru\/cy\/inspired-by-denmark\/\" \/>\n<meta property=\"og:locale\" content=\"en_US\" \/>\n<meta property=\"og:type\" content=\"article\" \/>\n<meta property=\"og:title\" content=\"Inspired - Race to Zero\" \/>\n<meta property=\"og:description\" content=\"In Denmark 96 out of 98 municipalities is a member of Race to Zero. This has enabled coordinated planning and delivery of decarbonisation across the country using the same Paris [&hellip;]\" \/>\n<meta property=\"og:url\" content=\"https:\/\/racetozero.cymru\/cy\/inspired-by-denmark\/\" \/>\n<meta property=\"og:site_name\" content=\"Race to Zero\" \/>\n<meta property=\"article:modified_time\" content=\"2024-02-13T13:02:26+00:00\" \/>\n<meta property=\"og:image\" content=\"https:\/\/racetozero.cymru\/wp-content\/uploads\/2022\/11\/Denmark-1024x458.png\" \/>\n\t<meta property=\"og:image:width\" content=\"1024\" \/>\n\t<meta property=\"og:image:height\" content=\"458\" \/>\n\t<meta property=\"og:image:type\" content=\"image\/png\" \/>\n<meta name=\"twitter:card\" content=\"summary_large_image\" \/>\n<meta name=\"twitter:label1\" content=\"Est. reading time\" \/>\n\t<meta name=\"twitter:data1\" content=\"1 munud\" \/>\n<script type=\"application\/ld+json\" class=\"yoast-schema-graph\">{\"@context\":\"https:\/\/schema.org\",\"@graph\":[{\"@type\":\"WebPage\",\"@id\":\"https:\/\/racetozero.cymru\/inspired-by-denmark\/\",\"url\":\"https:\/\/racetozero.cymru\/inspired-by-denmark\/\",\"name\":\"Inspired - Race to Zero\",\"isPartOf\":{\"@id\":\"https:\/\/racetozero.cymru\/cy\/#website\"},\"datePublished\":\"2022-11-30T10:32:07+00:00\",\"dateModified\":\"2024-02-13T13:02:26+00:00\",\"breadcrumb\":{\"@id\":\"https:\/\/racetozero.cymru\/inspired-by-denmark\/#breadcrumb\"},\"inLanguage\":\"cy\",\"potentialAction\":[{\"@type\":\"ReadAction\",\"target\":[\"https:\/\/racetozero.cymru\/inspired-by-denmark\/\"]}]},{\"@type\":\"BreadcrumbList\",\"@id\":\"https:\/\/racetozero.cymru\/inspired-by-denmark\/#breadcrumb\",\"itemListElement\":[{\"@type\":\"ListItem\",\"position\":1,\"name\":\"Home\",\"item\":\"https:\/\/racetozero.cymru\/\"},{\"@type\":\"ListItem\",\"position\":2,\"name\":\"Inspired\"}]},{\"@type\":\"WebSite\",\"@id\":\"https:\/\/racetozero.cymru\/cy\/#website\",\"url\":\"https:\/\/racetozero.cymru\/cy\/\",\"name\":\"Race to Zero\",\"description\":\"Accelerating the Race to Zero in Wales\",\"publisher\":{\"@id\":\"https:\/\/racetozero.cymru\/cy\/#organization\"},\"potentialAction\":[{\"@type\":\"SearchAction\",\"target\":{\"@type\":\"EntryPoint\",\"urlTemplate\":\"https:\/\/racetozero.cymru\/cy\/?s={search_term_string}\"},\"query-input\":\"required name=search_term_string\"}],\"inLanguage\":\"cy\"},{\"@type\":\"Organization\",\"@id\":\"https:\/\/racetozero.cymru\/cy\/#organization\",\"name\":\"Race to Zero\",\"url\":\"https:\/\/racetozero.cymru\/cy\/\",\"logo\":{\"@type\":\"ImageObject\",\"inLanguage\":\"cy\",\"@id\":\"https:\/\/racetozero.cymru\/cy\/#\/schema\/logo\/image\/\",\"url\":\"https:\/\/racetozero.wales\/wp-content\/uploads\/2022\/11\/Screenshot-2022-10-05-at-11.32-1.png\",\"contentUrl\":\"https:\/\/racetozero.wales\/wp-content\/uploads\/2022\/11\/Screenshot-2022-10-05-at-11.32-1.png\",\"width\":437,\"height\":437,\"caption\":\"Race to Zero\"},\"image\":{\"@id\":\"https:\/\/racetozero.cymru\/cy\/#\/schema\/logo\/image\/\"}}]}<\/script>\n<!-- \/ Yoast SEO plugin. -->","yoast_head_json":{"title":"Inspired - Race to Zero","robots":{"index":"index","follow":"follow","max-snippet":"max-snippet:-1","max-image-preview":"max-image-preview:large","max-video-preview":"max-video-preview:-1"},"canonical":"https:\/\/racetozero.cymru\/cy\/inspired-by-denmark\/","og_locale":"en_US","og_type":"article","og_title":"Inspired - Race to Zero","og_description":"In Denmark 96 out of 98 municipalities is a member of Race to Zero. This has enabled coordinated planning and delivery of decarbonisation across the country using the same Paris [&hellip;]","og_url":"https:\/\/racetozero.cymru\/cy\/inspired-by-denmark\/","og_site_name":"Race to Zero","article_modified_time":"2024-02-13T13:02:26+00:00","og_image":[{"width":1024,"height":458,"url":"https:\/\/racetozero.cymru\/wp-content\/uploads\/2022\/11\/Denmark-1024x458.png","type":"image\/png"}],"twitter_card":"summary_large_image","twitter_misc":{"Est. reading time":"1 munud"},"schema":{"@context":"https:\/\/schema.org","@graph":[{"@type":"WebPage","@id":"https:\/\/racetozero.cymru\/inspired-by-denmark\/","url":"https:\/\/racetozero.cymru\/inspired-by-denmark\/","name":"Inspired - Race to Zero","isPartOf":{"@id":"https:\/\/racetozero.cymru\/cy\/#website"},"datePublished":"2022-11-30T10:32:07+00:00","dateModified":"2024-02-13T13:02:26+00:00","breadcrumb":{"@id":"https:\/\/racetozero.cymru\/inspired-by-denmark\/#breadcrumb"},"inLanguage":"cy","potentialAction":[{"@type":"ReadAction","target":["https:\/\/racetozero.cymru\/inspired-by-denmark\/"]}]},{"@type":"BreadcrumbList","@id":"https:\/\/racetozero.cymru\/inspired-by-denmark\/#breadcrumb","itemListElement":[{"@type":"ListItem","position":1,"name":"Home","item":"https:\/\/racetozero.cymru\/"},{"@type":"ListItem","position":2,"name":"Inspired"}]},{"@type":"WebSite","@id":"https:\/\/racetozero.cymru\/cy\/#website","url":"https:\/\/racetozero.cymru\/cy\/","name":"Race to Zero","description":"Accelerating the Race to Zero in Wales","publisher":{"@id":"https:\/\/racetozero.cymru\/cy\/#organization"},"potentialAction":[{"@type":"SearchAction","target":{"@type":"EntryPoint","urlTemplate":"https:\/\/racetozero.cymru\/cy\/?s={search_term_string}"},"query-input":"required name=search_term_string"}],"inLanguage":"cy"},{"@type":"Organization","@id":"https:\/\/racetozero.cymru\/cy\/#organization","name":"Race to Zero","url":"https:\/\/racetozero.cymru\/cy\/","logo":{"@type":"ImageObject","inLanguage":"cy","@id":"https:\/\/racetozero.cymru\/cy\/#\/schema\/logo\/image\/","url":"https:\/\/racetozero.wales\/wp-content\/uploads\/2022\/11\/Screenshot-2022-10-05-at-11.32-1.png","contentUrl":"https:\/\/racetozero.wales\/wp-content\/uploads\/2022\/11\/Screenshot-2022-10-05-at-11.32-1.png","width":437,"height":437,"caption":"Race to Zero"},"image":{"@id":"https:\/\/racetozero.cymru\/cy\/#\/schema\/logo\/image\/"}}]}},"_links":{"self":[{"href":"https:\/\/racetozero.cymru\/cy\/wp-json\/wp\/v2\/pages\/63","targetHints":{"allow":["GET"]}}],"collection":[{"href":"https:\/\/racetozero.cymru\/cy\/wp-json\/wp\/v2\/pages"}],"about":[{"href":"https:\/\/racetozero.cymru\/cy\/wp-json\/wp\/v2\/types\/page"}],"author":[{"embeddable":true,"href":"https:\/\/racetozero.cymru\/cy\/wp-json\/wp\/v2\/users\/5"}],"replies":[{"embeddable":true,"href":"https:\/\/racetozero.cymru\/cy\/wp-json\/wp\/v2\/comments?post=63"}],"version-history":[{"count":23,"href":"https:\/\/racetozero.cymru\/cy\/wp-json\/wp\/v2\/pages\/63\/revisions"}],"predecessor-version":[{"id":1220,"href":"https:\/\/racetozero.cymru\/cy\/wp-json\/wp\/v2\/pages\/63\/revisions\/1220"}],"wp:featuredmedia":[{"embeddable":true,"href":"https:\/\/racetozero.cymru\/cy\/wp-json\/wp\/v2\/media\/83"}],"wp:attachment":[{"href":"https:\/\/racetozero.cymru\/cy\/wp-json\/wp\/v2\/media?parent=63"}],"curies":[{"name":"wp","href":"https:\/\/api.w.org\/{rel}","templated":true}]}}